{"id":263,"date":"2025-05-21T18:16:40","date_gmt":"2025-05-21T21:16:40","guid":{"rendered":"https:\/\/marianialbuquerque.com\/?post_type=product&#038;p=263"},"modified":"2025-05-21T18:25:34","modified_gmt":"2025-05-21T21:25:34","slug":"unha-encravada-ajuda-a-prevenir-125ml","status":"publish","type":"product","link":"https:\/\/marianialbuquerque.com\/?product=unha-encravada-ajuda-a-prevenir-125ml","title":{"rendered":"UNHA ENCRAVADA AJUDA A PREVENIR 125ml"},"content":{"rendered":"<p>\u00d3leo puro, rico em \u00c1cidos Gordos, Vitaminas e<br \/>\nMinerais, indicado para unhas, cut\u00edculas e pele.<br \/>\nPossu\u00ed um alto poder regenerador, hidratante, nutritivo e cicatrizante. Fortalece, estimula, regenera e<br \/>\nnutre intensamente as unhas e as cut\u00edculas.<\/p>\n<p>APLICA\u00c7\u00d5ES E MODO DE UTILIZA\u00c7\u00c3O<br \/>\nAplicar sobre a unha \/ pele e massajar suavemente.<br \/>\nINDICA\u00c7\u00d5ES DE PERIGO \/ CONSELHOS DE PRUD\u00caNCIA<br \/>\nUso Externo. Manter fora do alcance das crian\u00e7as. Em caso de contato com os olhos lavar<br \/>\ncom \u00e1gua abundante.<\/p>\n","protected":false},"excerpt":{"rendered":"<p>\u00d3leo puro, rico em \u00c1cidos Gordos, Vitaminas e<br \/>\nMinerais, indicado para unhas, cut\u00edculas e pele.<br \/>\nPossu\u00ed um alto poder regenerador, hidratante, nutritivo e cicatrizante. Fortalece, estimula, regenera e<br \/>\nnutre intensamente as unhas e as cut\u00edculas.<\/p>\n<p>APLICA\u00c7\u00d5ES E MODO DE UTILIZA\u00c7\u00c3O<br \/>\nAplicar sobre a unha \/ pele e massajar suavemente.<br \/>\nINDICA\u00c7\u00d5ES DE PERIGO \/ CONSELHOS DE PRUD\u00caNCIA<br \/>\nUso Externo. Manter fora do alcance das crian\u00e7as. Em caso de contato com os olhos lavar<br \/>\ncom \u00e1gua abundante.<\/p>\n","protected":false},"featured_media":275,"comment_status":"open","ping_status":"closed","template":"","meta":[],"product_brand":[],"product_cat":[27],"product_tag":[],"class_list":{"0":"post-263","1":"product","2":"type-product","3":"status-publish","4":"has-post-thumbnail","6":"product_cat-cuide-dos-seus-pes","8":"first","9":"instock","10":"shipping-taxable","11":"purchasable","12":"product-type-simple"},"jetpack_sharing_enabled":true,"_links":{"self":[{"href":"https:\/\/marianialbuquerque.com\/index.php?rest_route=\/wp\/v2\/product\/263","targetHints":{"allow":["GET"]}}],"collection":[{"href":"https:\/\/marianialbuquerque.com\/index.php?rest_route=\/wp\/v2\/product"}],"about":[{"href":"https:\/\/marianialbuquerque.com\/index.php?rest_route=\/wp\/v2\/types\/product"}],"replies":[{"embeddable":true,"href":"https:\/\/marianialbuquerque.com\/index.php?rest_route=%2Fwp%2Fv2%2Fcomments&post=263"}],"version-history":[{"count":1,"href":"https:\/\/marianialbuquerque.com\/index.php?rest_route=\/wp\/v2\/product\/263\/revisions"}],"predecessor-version":[{"id":264,"href":"https:\/\/marianialbuquerque.com\/index.php?rest_route=\/wp\/v2\/product\/263\/revisions\/264"}],"wp:featuredmedia":[{"embeddable":true,"href":"https:\/\/marianialbuquerque.com\/index.php?rest_route=\/wp\/v2\/media\/275"}],"wp:attachment":[{"href":"https:\/\/marianialbuquerque.com\/index.php?rest_route=%2Fwp%2Fv2%2Fmedia&parent=263"}],"wp:term":[{"taxonomy":"product_brand","embeddable":true,"href":"https:\/\/marianialbuquerque.com\/index.php?rest_route=%2Fwp%2Fv2%2Fproduct_brand&post=263"},{"taxonomy":"product_cat","embeddable":true,"href":"https:\/\/marianialbuquerque.com\/index.php?rest_route=%2Fwp%2Fv2%2Fproduct_cat&post=263"},{"taxonomy":"product_tag","embeddable":true,"href":"https:\/\/marianialbuquerque.com\/index.php?rest_route=%2Fwp%2Fv2%2Fproduct_tag&post=263"}],"curies":[{"name":"wp","href":"https:\/\/api.w.org\/{rel}","templated":true}]}}