{"id":261,"date":"2025-05-21T18:15:33","date_gmt":"2025-05-21T21:15:33","guid":{"rendered":"https:\/\/marianialbuquerque.com\/?post_type=product&#038;p=261"},"modified":"2025-05-21T18:25:02","modified_gmt":"2025-05-21T21:25:02","slug":"sabonete-liquido-para-os-pes-250ml","status":"publish","type":"product","link":"https:\/\/marianialbuquerque.com\/?product=sabonete-liquido-para-os-pes-250ml","title":{"rendered":"SABONETE L\u00cdQUIDO PARA OS P\u00c9S 250ml"},"content":{"rendered":"<p>ADEUS ODOR<br \/>\nSABONETE L\u00cdQUIDO PARA OS P\u00c9S<\/p>\n<p>Sabonete l\u00edquido, isento de perfume, indicado<br \/>\npara higienizar e ajudar a combater a forma\u00e7\u00e3o de<br \/>\nodores e fungos. Devido \u00e0 sua formula\u00e7\u00e3o equilibrada, tem o PH id\u00eantico ao da pele, desta forma, n\u00e3o<br \/>\nirrita, mesmo ap\u00f3s lavagens frequentes.<\/p>\n<p>APLICA\u00c7\u00d5ES E MODO DE UTILIZA\u00c7\u00c3O<br \/>\nAplicar diretamente nos P\u00e9s. Esfregar bem, dando especial aten\u00e7\u00e3o \u00e0 zona entre os dedos e junto \u00e0s<br \/>\nunhas. Lavar em seguida com \u00e1gua corrente.<br \/>\nADVERT\u00caNCIAS<br \/>\nUso externo. Manter fora do alcance das crian\u00e7as. Evitar o contacto com os olhos, se houver contacto, enxaguar abundantemente e consultar o m\u00e9dico. N\u00e3o ingerir.<\/p>\n","protected":false},"excerpt":{"rendered":"<p>ADEUS ODOR<br \/>\nSABONETE L\u00cdQUIDO PARA OS P\u00c9S<\/p>\n<p>Sabonete l\u00edquido, isento de perfume, indicado<br \/>\npara higienizar e ajudar a combater a forma\u00e7\u00e3o de<br \/>\nodores e fungos. Devido \u00e0 sua formula\u00e7\u00e3o equilibrada, tem o PH id\u00eantico ao da pele, desta forma, n\u00e3o<br \/>\nirrita, mesmo ap\u00f3s lavagens frequentes.<\/p>\n<p>APLICA\u00c7\u00d5ES E MODO DE UTILIZA\u00c7\u00c3O<br \/>\nAplicar diretamente nos P\u00e9s. Esfregar bem, dando especial aten\u00e7\u00e3o \u00e0 zona entre os dedos e junto \u00e0s<br \/>\nunhas. Lavar em seguida com \u00e1gua corrente.<br \/>\nADVERT\u00caNCIAS<br \/>\nUso externo. Manter fora do alcance das crian\u00e7as. Evitar o contacto com os olhos, se houver contacto, enxaguar abundantemente e consultar o m\u00e9dico. N\u00e3o ingerir.<\/p>\n","protected":false},"featured_media":274,"comment_status":"open","ping_status":"closed","template":"","meta":[],"product_brand":[],"product_cat":[27],"product_tag":[],"class_list":{"0":"post-261","1":"product","2":"type-product","3":"status-publish","4":"has-post-thumbnail","6":"product_cat-cuide-dos-seus-pes","8":"first","9":"instock","10":"shipping-taxable","11":"purchasable","12":"product-type-simple"},"jetpack_sharing_enabled":true,"_links":{"self":[{"href":"https:\/\/marianialbuquerque.com\/index.php?rest_route=\/wp\/v2\/product\/261","targetHints":{"allow":["GET"]}}],"collection":[{"href":"https:\/\/marianialbuquerque.com\/index.php?rest_route=\/wp\/v2\/product"}],"about":[{"href":"https:\/\/marianialbuquerque.com\/index.php?rest_route=\/wp\/v2\/types\/product"}],"replies":[{"embeddable":true,"href":"https:\/\/marianialbuquerque.com\/index.php?rest_route=%2Fwp%2Fv2%2Fcomments&post=261"}],"version-history":[{"count":1,"href":"https:\/\/marianialbuquerque.com\/index.php?rest_route=\/wp\/v2\/product\/261\/revisions"}],"predecessor-version":[{"id":262,"href":"https:\/\/marianialbuquerque.com\/index.php?rest_route=\/wp\/v2\/product\/261\/revisions\/262"}],"wp:featuredmedia":[{"embeddable":true,"href":"https:\/\/marianialbuquerque.com\/index.php?rest_route=\/wp\/v2\/media\/274"}],"wp:attachment":[{"href":"https:\/\/marianialbuquerque.com\/index.php?rest_route=%2Fwp%2Fv2%2Fmedia&parent=261"}],"wp:term":[{"taxonomy":"product_brand","embeddable":true,"href":"https:\/\/marianialbuquerque.com\/index.php?rest_route=%2Fwp%2Fv2%2Fproduct_brand&post=261"},{"taxonomy":"product_cat","embeddable":true,"href":"https:\/\/marianialbuquerque.com\/index.php?rest_route=%2Fwp%2Fv2%2Fproduct_cat&post=261"},{"taxonomy":"product_tag","embeddable":true,"href":"https:\/\/marianialbuquerque.com\/index.php?rest_route=%2Fwp%2Fv2%2Fproduct_tag&post=261"}],"curies":[{"name":"wp","href":"https:\/\/api.w.org\/{rel}","templated":true}]}}