{"id":259,"date":"2025-05-21T18:14:15","date_gmt":"2025-05-21T21:14:15","guid":{"rendered":"https:\/\/marianialbuquerque.com\/?post_type=product&#038;p=259"},"modified":"2025-05-21T18:24:01","modified_gmt":"2025-05-21T21:24:01","slug":"onicopromax-foot-sterilizer-50ml","status":"publish","type":"product","link":"https:\/\/marianialbuquerque.com\/?product=onicopromax-foot-sterilizer-50ml","title":{"rendered":"ONICOPROMAX FOOT STERILIZER 50ml"},"content":{"rendered":"<p>OnicoproMax \u00e9 um produto para Micoses que<br \/>\najuda a reparar e a prevenir as micoses das unhas<br \/>\ndos p\u00e9s e m\u00e3os.<\/p>\n<p>APLICA\u00c7\u00d5ES E MODO DE UTILIZA\u00c7\u00c3O<br \/>\nAplicar nas unhas pelo menos 3 vezes ao dia. A persist\u00eancia \u00e9 fundamental para o sucesso.<br \/>\nINDICA\u00c7\u00d5ES DE PERIGO \/ CONSELHOS DE PRUD\u00caNCIA<br \/>\nUso Externo. N\u00e3o ingerir. N\u00e3o aplicar sobre feridas ou mucosas. Em caso de contato com os<br \/>\nolhos lavar com \u00e1gua abundante e procurar assist\u00eancia m\u00e9dica. Manter fora do alcance das<br \/>\ncrian\u00e7as. Guardar em local fresco e seco. Em caso de acidente, consultar o CENTRO DE INFORMA\u00c7\u00c3O ANTIVENENOS 800 250 250.<\/p>\n","protected":false},"excerpt":{"rendered":"<p>OnicoproMax \u00e9 um produto para Micoses que<br \/>\najuda a reparar e a prevenir as micoses das unhas<br \/>\ndos p\u00e9s e m\u00e3os.<\/p>\n<p>APLICA\u00c7\u00d5ES E MODO DE UTILIZA\u00c7\u00c3O<br \/>\nAplicar nas unhas pelo menos 3 vezes ao dia. A persist\u00eancia \u00e9 fundamental para o sucesso.<br \/>\nINDICA\u00c7\u00d5ES DE PERIGO \/ CONSELHOS DE PRUD\u00caNCIA<br \/>\nUso Externo. N\u00e3o ingerir. N\u00e3o aplicar sobre feridas ou mucosas. Em caso de contato com os<br \/>\nolhos lavar com \u00e1gua abundante e procurar assist\u00eancia m\u00e9dica. Manter fora do alcance das<br \/>\ncrian\u00e7as. Guardar em local fresco e seco. Em caso de acidente, consultar o CENTRO DE INFORMA\u00c7\u00c3O ANTIVENENOS 800 250 250.<\/p>\n","protected":false},"featured_media":273,"comment_status":"open","ping_status":"closed","template":"","meta":[],"product_brand":[],"product_cat":[27],"product_tag":[],"class_list":{"0":"post-259","1":"product","2":"type-product","3":"status-publish","4":"has-post-thumbnail","6":"product_cat-cuide-dos-seus-pes","8":"first","9":"instock","10":"shipping-taxable","11":"purchasable","12":"product-type-simple"},"jetpack_sharing_enabled":true,"_links":{"self":[{"href":"https:\/\/marianialbuquerque.com\/index.php?rest_route=\/wp\/v2\/product\/259","targetHints":{"allow":["GET"]}}],"collection":[{"href":"https:\/\/marianialbuquerque.com\/index.php?rest_route=\/wp\/v2\/product"}],"about":[{"href":"https:\/\/marianialbuquerque.com\/index.php?rest_route=\/wp\/v2\/types\/product"}],"replies":[{"embeddable":true,"href":"https:\/\/marianialbuquerque.com\/index.php?rest_route=%2Fwp%2Fv2%2Fcomments&post=259"}],"version-history":[{"count":1,"href":"https:\/\/marianialbuquerque.com\/index.php?rest_route=\/wp\/v2\/product\/259\/revisions"}],"predecessor-version":[{"id":260,"href":"https:\/\/marianialbuquerque.com\/index.php?rest_route=\/wp\/v2\/product\/259\/revisions\/260"}],"wp:featuredmedia":[{"embeddable":true,"href":"https:\/\/marianialbuquerque.com\/index.php?rest_route=\/wp\/v2\/media\/273"}],"wp:attachment":[{"href":"https:\/\/marianialbuquerque.com\/index.php?rest_route=%2Fwp%2Fv2%2Fmedia&parent=259"}],"wp:term":[{"taxonomy":"product_brand","embeddable":true,"href":"https:\/\/marianialbuquerque.com\/index.php?rest_route=%2Fwp%2Fv2%2Fproduct_brand&post=259"},{"taxonomy":"product_cat","embeddable":true,"href":"https:\/\/marianialbuquerque.com\/index.php?rest_route=%2Fwp%2Fv2%2Fproduct_cat&post=259"},{"taxonomy":"product_tag","embeddable":true,"href":"https:\/\/marianialbuquerque.com\/index.php?rest_route=%2Fwp%2Fv2%2Fproduct_tag&post=259"}],"curies":[{"name":"wp","href":"https:\/\/api.w.org\/{rel}","templated":true}]}}