{"id":257,"date":"2025-05-20T20:55:19","date_gmt":"2025-05-20T23:55:19","guid":{"rendered":"https:\/\/marianialbuquerque.com\/?post_type=product&#038;p=257"},"modified":"2025-05-21T18:22:59","modified_gmt":"2025-05-21T21:22:59","slug":"gel-refrescante-para-pes-125ml","status":"publish","type":"product","link":"https:\/\/marianialbuquerque.com\/?product=gel-refrescante-para-pes-125ml","title":{"rendered":"GEL REFRESCANTE PARA P\u00c9S 125ml"},"content":{"rendered":"<p>ADEUS ODOR GEL REFRESCANTE PARA P\u00c9S<\/p>\n<p>el Refrescante para p\u00e9s, desenvolvido para<br \/>\najudar a combater significativamente a forma\u00e7\u00e3o de<br \/>\nodores desagrad\u00e1veis. A sua f\u00f3rmula permite uma<br \/>\ndiminui\u00e7\u00e3o da transpira\u00e7\u00e3o, combatendo assim o<br \/>\ndesenvolvimento de fungos e mau odor. Proporciona uma sensa\u00e7\u00e3o refrescante, confort\u00e1vel e de bem-<br \/>\n-estar.<br \/>\nADEUS ODOR<br \/>\nAPLICA\u00c7\u00d5ES E MODO DE UTILIZA\u00c7\u00c3O<br \/>\nAplicar o produto 2 vezes ao dia e massajar suavemente.<br \/>\nINDICA\u00c7\u00d5ES DE PERIGO \/ CONSELHOS DE PRUD\u00caNCIA<br \/>\nUso Externo. Manter fora do alcance das crian\u00e7as. Em caso de contato com os olhos lavar com \u00e1gua<br \/>\nabundante.<\/p>\n","protected":false},"excerpt":{"rendered":"<p>ADEUS ODOR GEL REFRESCANTE PARA P\u00c9S<\/p>\n<p>el Refrescante para p\u00e9s, desenvolvido para<br \/>\najudar a combater significativamente a forma\u00e7\u00e3o de<br \/>\nodores desagrad\u00e1veis. A sua f\u00f3rmula permite uma<br \/>\ndiminui\u00e7\u00e3o da transpira\u00e7\u00e3o, combatendo assim o<br \/>\ndesenvolvimento de fungos e mau odor. Proporciona uma sensa\u00e7\u00e3o refrescante, confort\u00e1vel e de bem-<br \/>\n-estar.<br \/>\nADEUS ODOR<br \/>\nAPLICA\u00c7\u00d5ES E MODO DE UTILIZA\u00c7\u00c3O<br \/>\nAplicar o produto 2 vezes ao dia e massajar suavemente.<br \/>\nINDICA\u00c7\u00d5ES DE PERIGO \/ CONSELHOS DE PRUD\u00caNCIA<br \/>\nUso Externo. Manter fora do alcance das crian\u00e7as. Em caso de contato com os olhos lavar com \u00e1gua<br \/>\nabundante.<\/p>\n","protected":false},"featured_media":272,"comment_status":"open","ping_status":"closed","template":"","meta":[],"product_brand":[],"product_cat":[27],"product_tag":[],"class_list":{"0":"post-257","1":"product","2":"type-product","3":"status-publish","4":"has-post-thumbnail","6":"product_cat-cuide-dos-seus-pes","8":"first","9":"instock","10":"shipping-taxable","11":"purchasable","12":"product-type-simple"},"jetpack_sharing_enabled":true,"_links":{"self":[{"href":"https:\/\/marianialbuquerque.com\/index.php?rest_route=\/wp\/v2\/product\/257","targetHints":{"allow":["GET"]}}],"collection":[{"href":"https:\/\/marianialbuquerque.com\/index.php?rest_route=\/wp\/v2\/product"}],"about":[{"href":"https:\/\/marianialbuquerque.com\/index.php?rest_route=\/wp\/v2\/types\/product"}],"replies":[{"embeddable":true,"href":"https:\/\/marianialbuquerque.com\/index.php?rest_route=%2Fwp%2Fv2%2Fcomments&post=257"}],"version-history":[{"count":1,"href":"https:\/\/marianialbuquerque.com\/index.php?rest_route=\/wp\/v2\/product\/257\/revisions"}],"predecessor-version":[{"id":258,"href":"https:\/\/marianialbuquerque.com\/index.php?rest_route=\/wp\/v2\/product\/257\/revisions\/258"}],"wp:featuredmedia":[{"embeddable":true,"href":"https:\/\/marianialbuquerque.com\/index.php?rest_route=\/wp\/v2\/media\/272"}],"wp:attachment":[{"href":"https:\/\/marianialbuquerque.com\/index.php?rest_route=%2Fwp%2Fv2%2Fmedia&parent=257"}],"wp:term":[{"taxonomy":"product_brand","embeddable":true,"href":"https:\/\/marianialbuquerque.com\/index.php?rest_route=%2Fwp%2Fv2%2Fproduct_brand&post=257"},{"taxonomy":"product_cat","embeddable":true,"href":"https:\/\/marianialbuquerque.com\/index.php?rest_route=%2Fwp%2Fv2%2Fproduct_cat&post=257"},{"taxonomy":"product_tag","embeddable":true,"href":"https:\/\/marianialbuquerque.com\/index.php?rest_route=%2Fwp%2Fv2%2Fproduct_tag&post=257"}],"curies":[{"name":"wp","href":"https:\/\/api.w.org\/{rel}","templated":true}]}}