{"id":249,"date":"2025-05-20T19:57:57","date_gmt":"2025-05-20T22:57:57","guid":{"rendered":"https:\/\/marianialbuquerque.com\/?post_type=product&#038;p=249"},"modified":"2025-05-21T18:21:56","modified_gmt":"2025-05-21T21:21:56","slug":"creme-reparador-de-calosidades-100-ml","status":"publish","type":"product","link":"https:\/\/marianialbuquerque.com\/?product=creme-reparador-de-calosidades-100-ml","title":{"rendered":"CREME REPARADOR DE CALOSIDADES ABACATE 100 ML"},"content":{"rendered":"<p>APLICA\u00c7\u00d5ES E MODO DE UTILIZA\u00c7\u00c3O<br \/>\nAplicar o creme massajando at\u00e9 total absor\u00e7\u00e3o.<br \/>\nINDICA\u00c7\u00d5ES DE PERIGO \/ CONSELHOS DE PRUD\u00caNCIA<br \/>\nUso Externo. Manter fora do alcance das crian\u00e7as. Em caso de contato com os olhos lavar com \u00e1gua<br \/>\nabundante.<\/p>\n","protected":false},"excerpt":{"rendered":"<p>APLICA\u00c7\u00d5ES E MODO DE UTILIZA\u00c7\u00c3O<br \/>\nAplicar o creme massajando at\u00e9 total absor\u00e7\u00e3o.<br \/>\nINDICA\u00c7\u00d5ES DE PERIGO \/ CONSELHOS DE PRUD\u00caNCIA<br \/>\nUso Externo. Manter fora do alcance das crian\u00e7as. Em caso de contato com os olhos lavar com \u00e1gua<br \/>\nabundante.<\/p>\n","protected":false},"featured_media":269,"comment_status":"open","ping_status":"closed","template":"","meta":[],"product_brand":[],"product_cat":[27],"product_tag":[],"class_list":{"0":"post-249","1":"product","2":"type-product","3":"status-publish","4":"has-post-thumbnail","6":"product_cat-cuide-dos-seus-pes","8":"first","9":"instock","10":"shipping-taxable","11":"purchasable","12":"product-type-simple"},"jetpack_sharing_enabled":true,"_links":{"self":[{"href":"https:\/\/marianialbuquerque.com\/index.php?rest_route=\/wp\/v2\/product\/249","targetHints":{"allow":["GET"]}}],"collection":[{"href":"https:\/\/marianialbuquerque.com\/index.php?rest_route=\/wp\/v2\/product"}],"about":[{"href":"https:\/\/marianialbuquerque.com\/index.php?rest_route=\/wp\/v2\/types\/product"}],"replies":[{"embeddable":true,"href":"https:\/\/marianialbuquerque.com\/index.php?rest_route=%2Fwp%2Fv2%2Fcomments&post=249"}],"version-history":[{"count":2,"href":"https:\/\/marianialbuquerque.com\/index.php?rest_route=\/wp\/v2\/product\/249\/revisions"}],"predecessor-version":[{"id":252,"href":"https:\/\/marianialbuquerque.com\/index.php?rest_route=\/wp\/v2\/product\/249\/revisions\/252"}],"wp:featuredmedia":[{"embeddable":true,"href":"https:\/\/marianialbuquerque.com\/index.php?rest_route=\/wp\/v2\/media\/269"}],"wp:attachment":[{"href":"https:\/\/marianialbuquerque.com\/index.php?rest_route=%2Fwp%2Fv2%2Fmedia&parent=249"}],"wp:term":[{"taxonomy":"product_brand","embeddable":true,"href":"https:\/\/marianialbuquerque.com\/index.php?rest_route=%2Fwp%2Fv2%2Fproduct_brand&post=249"},{"taxonomy":"product_cat","embeddable":true,"href":"https:\/\/marianialbuquerque.com\/index.php?rest_route=%2Fwp%2Fv2%2Fproduct_cat&post=249"},{"taxonomy":"product_tag","embeddable":true,"href":"https:\/\/marianialbuquerque.com\/index.php?rest_route=%2Fwp%2Fv2%2Fproduct_tag&post=249"}],"curies":[{"name":"wp","href":"https:\/\/api.w.org\/{rel}","templated":true}]}}